{"id":5488,"date":"2023-05-17T08:38:51","date_gmt":"2023-05-17T08:38:51","guid":{"rendered":"https:\/\/www.fundacionantezana.es\/residencia\/?page_id=5488"},"modified":"2023-05-17T10:33:08","modified_gmt":"2023-05-17T10:33:08","slug":"politica-de-cookies","status":"publish","type":"page","link":"https:\/\/www.fundacionantezana.es\/residencia\/politica-de-cookies\/","title":{"rendered":"Pol\u00edtica de cookies"},"content":{"rendered":"\n<p>16-May-2023<\/p>\n\n\n\n<h5 class=\"wp-block-heading\">\u00bfQu\u00e9 son las cookies?<\/h5>\n\n\n\n<p>Esta Pol\u00edtica de cookies explica qu\u00e9 son las cookies y c\u00f3mo las usamos, los tipos de cookies que usamos, es decir, la informaci\u00f3n que recopilamos usando cookies y c\u00f3mo se usa esa informaci\u00f3n, y c\u00f3mo administrar la configuraci\u00f3n de cookies.<\/p>\n\n\n\n<p>Las cookies son peque\u00f1os archivos de texto que se utilizan para almacenar peque\u00f1os fragmentos de informaci\u00f3n. Se almacenan en su dispositivo cuando el sitio web se carga en su navegador. Estas cookies nos ayudan a hacer que el sitio web funcione correctamente, hacerlo m\u00e1s seguro, brindar una mejor experiencia de usuario y comprender c\u00f3mo funciona el sitio web y analizar qu\u00e9 funciona y d\u00f3nde necesita mejorar.<\/p>\n\n\n\n<h5 class=\"wp-block-heading\">Uso de cookies<\/h5>\n\n\n\n<p>Como la mayor\u00eda de los servicios en l\u00ednea, nuestro sitio web utiliza cookies propias y de terceros para varios prop\u00f3sitos. Las cookies de origen son en su mayor\u00eda necesarias para que el sitio web funcione correctamente y no recopilan ninguno de sus datos de identificaci\u00f3n personal.<\/p>\n\n\n\n<p>Las cookies de terceros utilizadas en nuestro sitio web son principalmente para comprender c\u00f3mo funciona el sitio web, c\u00f3mo interact\u00faa con nuestro sitio web, mantener nuestros servicios seguros, proporcionar anuncios que son relevantes para usted y, en general, brindarle un usuario mejor y mejorado. experimentar y ayudar a acelerar sus futuras interacciones con nuestro sitio web.<\/p>\n\n\n\n<h5 class=\"wp-block-heading\">Cookies que usamos<\/h5>\n\n\n\n<h3 class=\"wp-block-heading\">Necesaria<\/h3>\n\n\n\n<figure class=\"wp-block-table\"><table><thead><tr><th>Cookie<\/th><th>Duraci\u00f3n<\/th><th>Descripci\u00f3n<\/th><\/tr><\/thead><tbody><tr><td>cookieyes-consent<\/td><td>1 a\u00f1o<\/td><td>CookieYes establece esta cookie para recordar las preferencias de consentimiento de los usuarios, de modo que se respeten sus preferencias en las siguientes visitas a este sitio. No recoge ni almacena ninguna informaci\u00f3n personal sobre los visitantes del sitio.<\/td><\/tr><\/tbody><\/table><\/figure>\n\n\n\n<h3 class=\"wp-block-heading\">Anal\u00edtica<\/h3>\n\n\n\n<figure class=\"wp-block-table\"><table><thead><tr><th>Cookie<\/th><th>Duraci\u00f3n<\/th><th>Descripci\u00f3n<\/th><\/tr><\/thead><tbody><tr><td>CONSENT<\/td><td>2 a\u00f1os<\/td><td>YouTube establece esta cookie a trav\u00e9s de los v\u00eddeos incrustados de YouTube y registra datos estad\u00edsticos an\u00f3nimos.<\/td><\/tr><tr><td>_ga_*<\/td><td>1 a\u00f1o 1 mes 4 d\u00edas<\/td><td>Google Analytics sets this cookie to store and count page views.<\/td><\/tr><tr><td>_ga<\/td><td>1 a\u00f1o 1 mes 4 d\u00edas<\/td><td>Google Analytics establece esta cookie para calcular los datos de los visitantes, de las sesiones y de las campa\u00f1as y para hacer un seguimiento del uso del sitio para el informe de an\u00e1lisis del sitio. La cookie almacena la informaci\u00f3n de forma an\u00f3nima y asigna un n\u00famero generado aleatoriamente para reconocer a los visitantes \u00fanicos.<\/td><\/tr><\/tbody><\/table><\/figure>\n\n\n\n<h5 class=\"wp-block-heading\">Administrar preferencias de cookies<\/h5>\n\n\n\n<p><a>Preferencias de Cookies<\/a><\/p>\n\n\n\n<p>Puede cambiar sus preferencias de cookies en cualquier momento haciendo clic en el bot\u00f3n de arriba. Esto le permitir\u00e1 volver a visitar el banner de consentimiento de cookies y cambiar sus preferencias o retirar su consentimiento de inmediato.<\/p>\n\n\n\n<p>Adem\u00e1s de esto, los diferentes navegadores brindan diferentes m\u00e9todos para bloquear y eliminar las cookies utilizadas por los sitios web. Puede cambiar la configuraci\u00f3n de su navegador para bloquear\/eliminar las cookies. A continuaci\u00f3n se enumeran los enlaces a los documentos de soporte sobre c\u00f3mo administrar y eliminar las cookies de los principales navegadores web.<\/p>\n\n\n\n<p>Chrome:&nbsp;<a href=\"https:\/\/support.google.com\/accounts\/answer\/32050\" target=\"_blank\" rel=\"noreferrer noopener\">https:\/\/support.google.com\/accounts\/answer\/32050<\/a><\/p>\n\n\n\n<p>Safari:&nbsp;<a href=\"https:\/\/support.apple.com\/en-in\/guide\/safari\/sfri11471\/mac\" target=\"_blank\" rel=\"noreferrer noopener\">https:\/\/support.apple.com\/en-in\/guide\/safari\/sfri11471\/mac<\/a><\/p>\n\n\n\n<p>Firefox:&nbsp;<a href=\"https:\/\/support.mozilla.org\/en-US\/kb\/clear-cookies-and-site-data-firefox?redirectslug=delete-cookies-remove-info-websites-stored&amp;redirectlocale=en-US\" target=\"_blank\" rel=\"noreferrer noopener\">https:\/\/support.mozilla.org\/en-US\/kb\/clear-cookies-and-site-data-firefox?redirectslug=delete-cookies-remove-info-websites-stored&amp;redirectlocale=en-US<\/a><\/p>\n\n\n\n<p>Internet Explorer:&nbsp;<a href=\"https:\/\/support.microsoft.com\/en-us\/topic\/how-to-delete-cookie-files-in-internet-explorer-bca9446f-d873-78de-77ba-d42645fa52fc\" target=\"_blank\" rel=\"noreferrer noopener\">https:\/\/support.microsoft.com\/en-us\/topic\/how-to-delete-cookie-files-in-internet-explorer-bca9446f-d873-78de-77ba-d42645fa52fc<\/a><\/p>\n\n\n\n<p>Si est\u00e1 utilizando cualquier otro navegador web, visite los documentos de soporte oficiales de su navegador.<\/p>\n","protected":false},"excerpt":{"rendered":"<p>16-May-2023 \u00bfQu\u00e9 son las cookies? Esta Pol\u00edtica de cookies explica qu\u00e9 son las cookies y c\u00f3mo las usamos, los tipos de cookies que usamos, es decir, la informaci\u00f3n que recopilamos usando cookies y c\u00f3mo se usa esa informaci\u00f3n, y c\u00f3mo administrar la configuraci\u00f3n de cookies. Las cookies son peque\u00f1os archivos de texto que se utilizan &hellip;<\/p>\n<p class=\"read-more\"> <a class=\"\" href=\"https:\/\/www.fundacionantezana.es\/residencia\/politica-de-cookies\/\"> <span class=\"screen-reader-text\">Pol\u00edtica de cookies<\/span> Leer m\u00e1s &raquo;<\/a><\/p>\n","protected":false},"author":1,"featured_media":0,"parent":0,"menu_order":0,"comment_status":"closed","ping_status":"closed","template":"","meta":{"site-sidebar-layout":"default","site-content-layout":"default","ast-global-header-display":"","ast-main-header-display":"","ast-hfb-above-header-display":"","ast-hfb-below-header-display":"","ast-hfb-mobile-header-display":"","site-post-title":"","ast-breadcrumbs-content":"","ast-featured-img":"","footer-sml-layout":"","theme-transparent-header-meta":"","adv-header-id-meta":"","stick-header-meta":"","header-above-stick-meta":"","header-main-stick-meta":"","header-below-stick-meta":"","footnotes":""},"class_list":["post-5488","page","type-page","status-publish","hentry"],"yoast_head":"<!-- This site is optimized with the Yoast SEO plugin v23.4 - https:\/\/yoast.com\/wordpress\/plugins\/seo\/ -->\n<title>Pol\u00edtica de cookies - Residencia de Antezana<\/title>\n<meta name=\"description\" content=\"Pol\u00edtica de cookies de la web de la residencia de Antezana que informa al usuario sobre las cookies que usa la web y su finalidad.\" \/>\n<meta name=\"robots\" content=\"index, follow, max-snippet:-1, max-image-preview:large, max-video-preview:-1\" \/>\n<link rel=\"canonical\" href=\"https:\/\/www.fundacionantezana.es\/residencia\/politica-de-cookies\/\" \/>\n<meta property=\"og:locale\" content=\"es_ES\" \/>\n<meta property=\"og:type\" content=\"article\" \/>\n<meta property=\"og:title\" content=\"Pol\u00edtica de cookies - Residencia de Antezana\" \/>\n<meta property=\"og:description\" content=\"Pol\u00edtica de cookies de la web de la residencia de Antezana que informa al usuario sobre las cookies que usa la web y su finalidad.\" \/>\n<meta property=\"og:url\" content=\"https:\/\/www.fundacionantezana.es\/residencia\/politica-de-cookies\/\" \/>\n<meta property=\"og:site_name\" content=\"Residencia de Antezana\" \/>\n<meta property=\"article:modified_time\" content=\"2023-05-17T10:33:08+00:00\" \/>\n<meta name=\"twitter:card\" content=\"summary_large_image\" \/>\n<meta name=\"twitter:label1\" content=\"Tiempo de lectura\" \/>\n\t<meta name=\"twitter:data1\" content=\"3 minutos\" \/>\n<script type=\"application\/ld+json\" class=\"yoast-schema-graph\">{\"@context\":\"https:\/\/schema.org\",\"@graph\":[{\"@type\":\"WebPage\",\"@id\":\"https:\/\/www.fundacionantezana.es\/residencia\/politica-de-cookies\/\",\"url\":\"https:\/\/www.fundacionantezana.es\/residencia\/politica-de-cookies\/\",\"name\":\"Pol\u00edtica de cookies - Residencia de Antezana\",\"isPartOf\":{\"@id\":\"https:\/\/www.fundacionantezana.es\/residencia\/#website\"},\"datePublished\":\"2023-05-17T08:38:51+00:00\",\"dateModified\":\"2023-05-17T10:33:08+00:00\",\"description\":\"Pol\u00edtica de cookies de la web de la residencia de Antezana que informa al usuario sobre las cookies que usa la web y su finalidad.\",\"breadcrumb\":{\"@id\":\"https:\/\/www.fundacionantezana.es\/residencia\/politica-de-cookies\/#breadcrumb\"},\"inLanguage\":\"es\",\"potentialAction\":[{\"@type\":\"ReadAction\",\"target\":[\"https:\/\/www.fundacionantezana.es\/residencia\/politica-de-cookies\/\"]}]},{\"@type\":\"BreadcrumbList\",\"@id\":\"https:\/\/www.fundacionantezana.es\/residencia\/politica-de-cookies\/#breadcrumb\",\"itemListElement\":[{\"@type\":\"ListItem\",\"position\":1,\"name\":\"Portada\",\"item\":\"https:\/\/www.fundacionantezana.es\/residencia\/\"},{\"@type\":\"ListItem\",\"position\":2,\"name\":\"Pol\u00edtica de cookies\"}]},{\"@type\":\"WebSite\",\"@id\":\"https:\/\/www.fundacionantezana.es\/residencia\/#website\",\"url\":\"https:\/\/www.fundacionantezana.es\/residencia\/\",\"name\":\"Residencia Hospital de Antezana\",\"description\":\"Fundaci\u00f3n de Antezana\",\"publisher\":{\"@id\":\"https:\/\/www.fundacionantezana.es\/residencia\/#organization\"},\"potentialAction\":[{\"@type\":\"SearchAction\",\"target\":{\"@type\":\"EntryPoint\",\"urlTemplate\":\"https:\/\/www.fundacionantezana.es\/residencia\/?s={search_term_string}\"},\"query-input\":{\"@type\":\"PropertyValueSpecification\",\"valueRequired\":true,\"valueName\":\"search_term_string\"}}],\"inLanguage\":\"es\"},{\"@type\":\"Organization\",\"@id\":\"https:\/\/www.fundacionantezana.es\/residencia\/#organization\",\"name\":\"Residencia Hospital de Antezana\",\"url\":\"https:\/\/www.fundacionantezana.es\/residencia\/\",\"logo\":{\"@type\":\"ImageObject\",\"inLanguage\":\"es\",\"@id\":\"https:\/\/www.fundacionantezana.es\/residencia\/#\/schema\/logo\/image\/\",\"url\":\"https:\/\/www.fundacionantezana.es\/residencia\/wp-content\/uploads\/2023\/05\/logo-resi.png\",\"contentUrl\":\"https:\/\/www.fundacionantezana.es\/residencia\/wp-content\/uploads\/2023\/05\/logo-resi.png\",\"width\":842,\"height\":187,\"caption\":\"Residencia Hospital de Antezana\"},\"image\":{\"@id\":\"https:\/\/www.fundacionantezana.es\/residencia\/#\/schema\/logo\/image\/\"}}]}<\/script>\n<!-- \/ Yoast SEO plugin. -->","yoast_head_json":{"title":"Pol\u00edtica de cookies - Residencia de Antezana","description":"Pol\u00edtica de cookies de la web de la residencia de Antezana que informa al usuario sobre las cookies que usa la web y su finalidad.","robots":{"index":"index","follow":"follow","max-snippet":"max-snippet:-1","max-image-preview":"max-image-preview:large","max-video-preview":"max-video-preview:-1"},"canonical":"https:\/\/www.fundacionantezana.es\/residencia\/politica-de-cookies\/","og_locale":"es_ES","og_type":"article","og_title":"Pol\u00edtica de cookies - Residencia de Antezana","og_description":"Pol\u00edtica de cookies de la web de la residencia de Antezana que informa al usuario sobre las cookies que usa la web y su finalidad.","og_url":"https:\/\/www.fundacionantezana.es\/residencia\/politica-de-cookies\/","og_site_name":"Residencia de Antezana","article_modified_time":"2023-05-17T10:33:08+00:00","twitter_card":"summary_large_image","twitter_misc":{"Tiempo de lectura":"3 minutos"},"schema":{"@context":"https:\/\/schema.org","@graph":[{"@type":"WebPage","@id":"https:\/\/www.fundacionantezana.es\/residencia\/politica-de-cookies\/","url":"https:\/\/www.fundacionantezana.es\/residencia\/politica-de-cookies\/","name":"Pol\u00edtica de cookies - Residencia de Antezana","isPartOf":{"@id":"https:\/\/www.fundacionantezana.es\/residencia\/#website"},"datePublished":"2023-05-17T08:38:51+00:00","dateModified":"2023-05-17T10:33:08+00:00","description":"Pol\u00edtica de cookies de la web de la residencia de Antezana que informa al usuario sobre las cookies que usa la web y su finalidad.","breadcrumb":{"@id":"https:\/\/www.fundacionantezana.es\/residencia\/politica-de-cookies\/#breadcrumb"},"inLanguage":"es","potentialAction":[{"@type":"ReadAction","target":["https:\/\/www.fundacionantezana.es\/residencia\/politica-de-cookies\/"]}]},{"@type":"BreadcrumbList","@id":"https:\/\/www.fundacionantezana.es\/residencia\/politica-de-cookies\/#breadcrumb","itemListElement":[{"@type":"ListItem","position":1,"name":"Portada","item":"https:\/\/www.fundacionantezana.es\/residencia\/"},{"@type":"ListItem","position":2,"name":"Pol\u00edtica de cookies"}]},{"@type":"WebSite","@id":"https:\/\/www.fundacionantezana.es\/residencia\/#website","url":"https:\/\/www.fundacionantezana.es\/residencia\/","name":"Residencia Hospital de Antezana","description":"Fundaci\u00f3n de Antezana","publisher":{"@id":"https:\/\/www.fundacionantezana.es\/residencia\/#organization"},"potentialAction":[{"@type":"SearchAction","target":{"@type":"EntryPoint","urlTemplate":"https:\/\/www.fundacionantezana.es\/residencia\/?s={search_term_string}"},"query-input":{"@type":"PropertyValueSpecification","valueRequired":true,"valueName":"search_term_string"}}],"inLanguage":"es"},{"@type":"Organization","@id":"https:\/\/www.fundacionantezana.es\/residencia\/#organization","name":"Residencia Hospital de Antezana","url":"https:\/\/www.fundacionantezana.es\/residencia\/","logo":{"@type":"ImageObject","inLanguage":"es","@id":"https:\/\/www.fundacionantezana.es\/residencia\/#\/schema\/logo\/image\/","url":"https:\/\/www.fundacionantezana.es\/residencia\/wp-content\/uploads\/2023\/05\/logo-resi.png","contentUrl":"https:\/\/www.fundacionantezana.es\/residencia\/wp-content\/uploads\/2023\/05\/logo-resi.png","width":842,"height":187,"caption":"Residencia Hospital de Antezana"},"image":{"@id":"https:\/\/www.fundacionantezana.es\/residencia\/#\/schema\/logo\/image\/"}}]}},"_links":{"self":[{"href":"https:\/\/www.fundacionantezana.es\/residencia\/wp-json\/wp\/v2\/pages\/5488","targetHints":{"allow":["GET"]}}],"collection":[{"href":"https:\/\/www.fundacionantezana.es\/residencia\/wp-json\/wp\/v2\/pages"}],"about":[{"href":"https:\/\/www.fundacionantezana.es\/residencia\/wp-json\/wp\/v2\/types\/page"}],"author":[{"embeddable":true,"href":"https:\/\/www.fundacionantezana.es\/residencia\/wp-json\/wp\/v2\/users\/1"}],"replies":[{"embeddable":true,"href":"https:\/\/www.fundacionantezana.es\/residencia\/wp-json\/wp\/v2\/comments?post=5488"}],"version-history":[{"count":1,"href":"https:\/\/www.fundacionantezana.es\/residencia\/wp-json\/wp\/v2\/pages\/5488\/revisions"}],"predecessor-version":[{"id":5489,"href":"https:\/\/www.fundacionantezana.es\/residencia\/wp-json\/wp\/v2\/pages\/5488\/revisions\/5489"}],"wp:attachment":[{"href":"https:\/\/www.fundacionantezana.es\/residencia\/wp-json\/wp\/v2\/media?parent=5488"}],"curies":[{"name":"wp","href":"https:\/\/api.w.org\/{rel}","templated":true}]}}